{"id":7110,"date":"2017-12-05T11:27:36","date_gmt":"2017-12-05T10:27:36","guid":{"rendered":"https:\/\/seedworks.ch\/conditions-dutilisation\/"},"modified":"2023-10-30T15:28:11","modified_gmt":"2023-10-30T14:28:11","slug":"conditions-dutilisation","status":"publish","type":"page","link":"https:\/\/seedworks.ch\/fr\/conditions-dutilisation\/","title":{"rendered":"Conditions d&#8217;utilisation"},"content":{"rendered":"<section class=\"wpb-content-wrapper\"><p>[vc_row][vc_column offset=&#8221;vc_hidden-lg vc_hidden-md&#8221;][vc_empty_space height=&#8221;50px&#8221;][\/vc_column][\/vc_row][vc_row][vc_column width=&#8221;2\/3&#8243; css=&#8221;.vc_custom_1519904242668{padding-right: 25px !important;}&#8221; offset=&#8221;vc_col-lg-8 vc_col-md-12 vc_col-xs-12&#8243;][vc_column_text]<\/p>\n<h3>Informations g\u00e9n\u00e9rales<\/h3>\n<p>L&#8217;une de nos principales priorit\u00e9s est la protection de la vie priv\u00e9e de nos visiteurs. Ce document de politique de confidentialit\u00e9 contient les types d&#8217;informations qui sont collect\u00e9es et enregistr\u00e9es par KeyDesign et la fa\u00e7on dont nous les utilisons.<\/p>\n<p>Si vous avez des questions suppl\u00e9mentaires ou si vous souhaitez obtenir plus d&#8217;informations sur notre politique de confidentialit\u00e9, n&#8217;h\u00e9sitez pas \u00e0 nous contacter par courrier \u00e9lectronique \u00e0 l&#8217;adresse Incubator. Un exemple de politique de confidentialit\u00e9 peut \u00eatre trouv\u00e9 \u00e0 l&#8217;adresse buyproxies.io.<\/p>\n<h3>Fichiers journaux<\/h3>\n<p>KeyDesign suit une proc\u00e9dure standard d&#8217;utilisation des fichiers journaux. Ces fichiers enregistrent les visiteurs lorsqu&#8217;ils visitent des sites web. Tous les h\u00e9bergeurs le font et cela fait partie des analyses des services d&#8217;h\u00e9bergement. Les informations collect\u00e9es par les fichiers journaux comprennent<\/p>\n<ul>\n<li>les adresses de protocole internet (IP)<\/li>\n<li>le type de navigateur, le fournisseur d&#8217;acc\u00e8s \u00e0 Internet (FAI)<\/li>\n<li>la date et l&#8217;heure, les pages de r\u00e9f\u00e9rence et de sortie<\/li>\n<li>\u00e9ventuellement le nombre de clics<\/li>\n<\/ul>\n<h3>Politiques de confidentialit\u00e9<\/h3>\n<p>Vous pouvez consulter cette liste pour trouver la politique de confidentialit\u00e9 de chacun des partenaires publicitaires d&#8217;Incubator.<\/p>\n<p>Les serveurs publicitaires tiers ou les r\u00e9seaux publicitaires utilisent des technologies telles que les cookies, le JavaScript ou les pixels invisibles qui sont utilis\u00e9s dans leurs publicit\u00e9s et liens respectifs qui apparaissent sur Incubateur et qui sont envoy\u00e9s directement au navigateur de l&#8217;utilisateur. Ils re\u00e7oivent automatiquement votre adresse IP lorsque cela se produit. Ces technologies sont utilis\u00e9es pour mesurer l&#8217;efficacit\u00e9 de leurs campagnes publicitaires et\/ou pour personnaliser le contenu publicitaire que vous voyez sur les sites web que vous visitez.<\/p>\n<p>Notez que KeyDesign n&#8217;a aucun acc\u00e8s ou contr\u00f4le sur ces cookies qui sont utilis\u00e9s par des annonceurs tiers.<\/p>\n<h3>Politiques des tiers<\/h3>\n<p>La politique de confidentialit\u00e9 d&#8217;Incubator ne s&#8217;applique pas aux autres annonceurs ou sites web. Nous vous conseillons donc de consulter les politiques de confidentialit\u00e9 respectives de ces serveurs publicitaires tiers pour obtenir des informations plus d\u00e9taill\u00e9es. Elle peut inclure leurs pratiques et des instructions sur la mani\u00e8re de refuser certaines options. Vous trouverez ici une liste compl\u00e8te de ces politiques de confidentialit\u00e9 et de leurs liens : Liens vers les politiques de protection de la vie priv\u00e9e.<\/p>\n<p>Vous pouvez choisir de d\u00e9sactiver les cookies par le biais des options de votre navigateur. Pour obtenir des informations plus d\u00e9taill\u00e9es sur la gestion des cookies avec des navigateurs web sp\u00e9cifiques, vous pouvez consulter les sites web respectifs de ces navigateurs. Qu&#8217;est-ce qu&#8217;un cookie ?<\/p>\n<h3>Informations sur les enfants<\/h3>\n<p>Une autre de nos priorit\u00e9s est d&#8217;ajouter une protection pour les enfants lorsqu&#8217;ils utilisent l&#8217;internet. Nous encourageons les parents et les tuteurs \u00e0 observer leurs activit\u00e9s en ligne, \u00e0 y participer et\/ou \u00e0 les surveiller et \u00e0 les guider.<\/p>\n<p>Incubator ne recueille pas sciemment d&#8217;informations personnelles identifiables aupr\u00e8s d&#8217;enfants de moins de 13 ans. Si vous pensez que votre enfant a fourni ce type d&#8217;informations sur notre site web, nous vous encourageons vivement \u00e0 nous contacter imm\u00e9diatement et nous ferons tout notre possible pour supprimer rapidement ces informations de nos dossiers.<\/p>\n<h3>Vie priv\u00e9e en ligne<\/h3>\n<p>Cette politique de confidentialit\u00e9 s&#8217;applique uniquement \u00e0 nos activit\u00e9s en ligne et est valable pour les visiteurs de notre site web en ce qui concerne les informations qu&#8217;ils partagent et\/ou collectent dans KeyDesign. Cette politique ne s&#8217;applique pas aux informations collect\u00e9es hors ligne ou par d&#8217;autres canaux que le pr\u00e9sent site web.<br \/>\nEn utilisant notre site web, vous consentez par la pr\u00e9sente \u00e0 notre politique de confidentialit\u00e9 et acceptez ses conditions g\u00e9n\u00e9rales.<\/p>\n<h3>Mise \u00e0 jour<\/h3>\n<p>La pr\u00e9sente politique de confidentialit\u00e9 a \u00e9t\u00e9 mise \u00e0 jour pour la derni\u00e8re fois le 20 mai 2016. En cas de mise \u00e0 jour, d&#8217;amendement ou de modification de notre politique de confidentialit\u00e9, ceux-ci seront publi\u00e9s sur cette page.[\/vc_column_text][\/vc_column][vc_column width=&#8221;1\/3&#8243; offset=&#8221;vc_col-lg-4 vc_col-md-12 vc_col-xs-12&#8243;][vc_widget_sidebar sidebar_id=&#8221;shop-sidebar&#8221;][\/vc_column][\/vc_row]<\/p>\n<\/section>","protected":false},"excerpt":{"rendered":"<p>[vc_row][vc_column offset=&#8221;vc_hidden-lg vc_hidden-md&#8221;][vc_empty_space height=&#8221;50px&#8221;][\/vc_column][\/vc_row][vc_row][vc_column width=&#8221;2\/3&#8243; css=&#8221;.vc_custom_1519904242668{padding-right: 25px !important;}&#8221; offset=&#8221;vc_col-lg-8 vc_col-md-12 vc_col-xs-12&#8243;][vc_column_text] Informations g\u00e9n\u00e9rales L&#8217;une de nos principales priorit\u00e9s est la protection de la vie priv\u00e9e de nos [&hellip;]<\/p>\n","protected":false},"author":1,"featured_media":0,"parent":0,"menu_order":0,"comment_status":"closed","ping_status":"closed","template":"","meta":{"footnotes":""},"class_list":["post-7110","page","type-page","status-publish","hentry"],"_links":{"self":[{"href":"https:\/\/seedworks.ch\/fr\/wp-json\/wp\/v2\/pages\/7110","targetHints":{"allow":["GET"]}}],"collection":[{"href":"https:\/\/seedworks.ch\/fr\/wp-json\/wp\/v2\/pages"}],"about":[{"href":"https:\/\/seedworks.ch\/fr\/wp-json\/wp\/v2\/types\/page"}],"author":[{"embeddable":true,"href":"https:\/\/seedworks.ch\/fr\/wp-json\/wp\/v2\/users\/1"}],"replies":[{"embeddable":true,"href":"https:\/\/seedworks.ch\/fr\/wp-json\/wp\/v2\/comments?post=7110"}],"version-history":[{"count":4,"href":"https:\/\/seedworks.ch\/fr\/wp-json\/wp\/v2\/pages\/7110\/revisions"}],"predecessor-version":[{"id":7150,"href":"https:\/\/seedworks.ch\/fr\/wp-json\/wp\/v2\/pages\/7110\/revisions\/7150"}],"wp:attachment":[{"href":"https:\/\/seedworks.ch\/fr\/wp-json\/wp\/v2\/media?parent=7110"}],"curies":[{"name":"wp","href":"https:\/\/api.w.org\/{rel}","templated":true}]}}