{"id":7203,"date":"2022-12-12T18:48:58","date_gmt":"2022-12-12T17:48:58","guid":{"rendered":"https:\/\/seedworks.ch\/reservation\/"},"modified":"2025-08-07T20:23:17","modified_gmt":"2025-08-07T18:23:17","slug":"reservation","status":"publish","type":"page","link":"https:\/\/seedworks.ch\/fr\/reservation\/","title":{"rendered":"R\u00e9servation"},"content":{"rendered":"<section class=\"wpb-content-wrapper\"><p>[vc_row css=&#8221;.vc_custom_1675027171463{margin-top: 36px !important;margin-bottom: 36px !important;}&#8221;][vc_column]<header class=\"kd-section-title col-lg-12 text-center    \" ><h2 class=\"separator_off\" >D\u00e9j\u00e0 membre de Seedworks<\/h2><h6 class=\"subtitle \" >Acc\u00e9dez \u00e0 votre compte pour g\u00e9rer votre r\u00e9servation ou r\u00e9server une place de parking.<\/h6><\/header>[vc_row_inner][vc_column_inner width=&#8221;1\/4&#8243;][\/vc_column_inner][vc_column_inner width=&#8221;1\/4&#8243;][vc_btn title=&#8221;S&apos;inscrire&#8221; style=&#8221;custom&#8221; custom_background=&#8221;#000000&#8243; custom_text=&#8221;#ffffff&#8221; align=&#8221;center&#8221; link=&#8221;url:https%3A%2F%2Fbooker.now|&#8221;][\/vc_column_inner][vc_column_inner width=&#8221;1\/4&#8243;][vc_btn title=&#8221;R\u00e9server un parking&#8221; style=&#8221;custom&#8221; custom_background=&#8221;#000000&#8243; custom_text=&#8221;#ffffff&#8221; align=&#8221;center&#8221; link=&#8221;url:https%3A%2F%2Flegacy.seedworks.ch%2Fpark%2F|target:_blank|&#8221;][\/vc_column_inner][vc_column_inner width=&#8221;1\/4&#8243;][\/vc_column_inner][\/vc_row_inner][\/vc_column][\/vc_row]<\/p>\n<\/section>","protected":false},"excerpt":{"rendered":"<p>[vc_row css=&#8221;.vc_custom_1675027171463{margin-top: 36px !important;margin-bottom: 36px !important;}&#8221;][vc_column][vc_row_inner][vc_column_inner width=&#8221;1\/4&#8243;][\/vc_column_inner][vc_column_inner width=&#8221;1\/4&#8243;][vc_btn title=&#8221;S&apos;inscrire&#8221; style=&#8221;custom&#8221; custom_background=&#8221;#000000&#8243; custom_text=&#8221;#ffffff&#8221; align=&#8221;center&#8221; link=&#8221;url:https%3A%2F%2Fbooker.now|&#8221;][\/vc_column_inner][vc_column_inner width=&#8221;1\/4&#8243;][vc_btn title=&#8221;R\u00e9server un parking&#8221; style=&#8221;custom&#8221; custom_background=&#8221;#000000&#8243; custom_text=&#8221;#ffffff&#8221; align=&#8221;center&#8221; link=&#8221;url:https%3A%2F%2Flegacy.seedworks.ch%2Fpark%2F|target:_blank|&#8221;][\/vc_column_inner][vc_column_inner width=&#8221;1\/4&#8243;][\/vc_column_inner][\/vc_row_inner][\/vc_column][\/vc_row]<\/p>\n","protected":false},"author":1,"featured_media":0,"parent":0,"menu_order":0,"comment_status":"closed","ping_status":"closed","template":"","meta":{"footnotes":""},"class_list":["post-7203","page","type-page","status-publish","hentry"],"_links":{"self":[{"href":"https:\/\/seedworks.ch\/fr\/wp-json\/wp\/v2\/pages\/7203","targetHints":{"allow":["GET"]}}],"collection":[{"href":"https:\/\/seedworks.ch\/fr\/wp-json\/wp\/v2\/pages"}],"about":[{"href":"https:\/\/seedworks.ch\/fr\/wp-json\/wp\/v2\/types\/page"}],"author":[{"embeddable":true,"href":"https:\/\/seedworks.ch\/fr\/wp-json\/wp\/v2\/users\/1"}],"replies":[{"embeddable":true,"href":"https:\/\/seedworks.ch\/fr\/wp-json\/wp\/v2\/comments?post=7203"}],"version-history":[{"count":10,"href":"https:\/\/seedworks.ch\/fr\/wp-json\/wp\/v2\/pages\/7203\/revisions"}],"predecessor-version":[{"id":7666,"href":"https:\/\/seedworks.ch\/fr\/wp-json\/wp\/v2\/pages\/7203\/revisions\/7666"}],"wp:attachment":[{"href":"https:\/\/seedworks.ch\/fr\/wp-json\/wp\/v2\/media?parent=7203"}],"curies":[{"name":"wp","href":"https:\/\/api.w.org\/{rel}","templated":true}]}}