{"id":7209,"date":"2023-05-11T15:05:44","date_gmt":"2023-05-11T13:05:44","guid":{"rendered":"https:\/\/seedworks.ch\/votre-bureau-a-seedworks\/"},"modified":"2023-10-30T15:28:40","modified_gmt":"2023-10-30T14:28:40","slug":"votre-bureau-a-seedworks","status":"publish","type":"page","link":"https:\/\/seedworks.ch\/fr\/votre-bureau-a-seedworks\/","title":{"rendered":"Votre bureau \u00e0 Seedworks"},"content":{"rendered":"<section class=\"wpb-content-wrapper\"><p>[vc_row css=&#8221;.vc_custom_1516637870335{margin-bottom: 50px !important;}&#8221;][vc_column]<div class=\"feature-sections-wrapper \">\r\n            <section class=\"feature-sections-tabs  \">\r\n              <nav class=\"kd-feature-tabs\">\r\n                <ul class=\"nav nav-tabs sticky-tabs\">\r\n                <\/ul>\r\n              <\/nav>\r\n            <\/section>\r\n            <section id=\"kd-fss-69d20500509c3\" class=\"featured-right \">\r\n              <li class=\"nav-label\"><a class=\"feature-tabs-scroll\" href=\"#kd-fss-69d20500509c3\">Bureau priv\u00e9<\/a><\/li>\r\n              <div class=\"container\">\r\n                <div class=\"side-content-wrapper \" ><i class=\"fa iconsmind-Crown-2\" style=\" \"><\/i> <h3 class=\"side-content-title\" >Bureau priv\u00e9<\/h3><h6 class=\"side-content-subtitle\" >D\u00e9couvrez votre espace de travail id\u00e9al dans notre bureau priv\u00e9 lumineux au sein d&apos;une communaut\u00e9 de coworking dynamique. Dot\u00e9 de 4 bureaux et d&apos;un acc\u00e8s 24h\/24 et 7j\/7 gr\u00e2ce \u00e0 des badges RFID, il est con\u00e7u pour inspirer la productivit\u00e9 et la cr\u00e9ativit\u00e9 \u00e0 tout moment. Allez travailler dans le confort et le style !<\/h6><div class=\"side-content-text\" ><\/p>\n<ul>\n<li>Bureau priv\u00e9<\/li>\n<li>Acc\u00e8s 24\/7<\/li>\n<li>Une communaut\u00e9 de travail dynamique<\/li>\n<\/ul>\n<p>\n<\/div><div class=\"side-content-link sc-primary-btn\"><a href=\"https:\/\/calendly.com\/ffl-1\/more-info-about-seedworks\" target=\"_blank\" title=\"Plus d'informations\" class=\"tt_button tt_primary_button btn_primary_color button-action-link\">Plus d'informations<\/a><\/div><\/div><div class=\"side-featured-wrapper\" >\r\n      <div class=\"featured-image\"><img loading=\"lazy\" decoding=\"async\" width=\"1920\" height=\"1440\" src=\"https:\/\/seedworks.ch\/wp-content\/uploads\/2023\/05\/IMG_8411.jpg\" class=\"attachment-full\" alt=\"\" title=\"IMG_8411\" srcset=\"https:\/\/seedworks.ch\/wp-content\/uploads\/2023\/05\/IMG_8411.jpg 1920w, https:\/\/seedworks.ch\/wp-content\/uploads\/2023\/05\/IMG_8411-300x225.jpg 300w, https:\/\/seedworks.ch\/wp-content\/uploads\/2023\/05\/IMG_8411-1024x768.jpg 1024w, https:\/\/seedworks.ch\/wp-content\/uploads\/2023\/05\/IMG_8411-768x576.jpg 768w, https:\/\/seedworks.ch\/wp-content\/uploads\/2023\/05\/IMG_8411-1536x1152.jpg 1536w\" sizes=\"auto, (max-width: 1920px) 100vw, 1920px\" \/><\/div>\r\n    <\/div><\/div>\r\n            <\/section><section id=\"kd-fss-69d20500516fc\" class=\"featured-left \">\r\n              <li class=\"nav-label\"><a class=\"feature-tabs-scroll\" href=\"#kd-fss-69d20500516fc\">Chaises de travail haut de gamme<\/a><\/li>\r\n              <div class=\"container\">\r\n                <div class=\"side-content-wrapper \" ><i class=\"fa iconsmind-Medal-2\" style=\" \"><\/i> <h3 class=\"side-content-title\" >Chaises de travail haut de gamme<\/h3><h6 class=\"side-content-subtitle\" >Profitez d&apos;un confort sup\u00e9rieur dans notre bureau priv\u00e9, \u00e9quip\u00e9 de chaises Mira 2 haut de gamme de Herman Miller. Assurant un soutien ergonomique optimal, ces chaises am\u00e9liorent votre efficacit\u00e9 au travail. Plongez dans la productivit\u00e9 avec le luxe \u00e0 votre disposition.<\/h6><div class=\"side-content-link sc-primary-btn\"><a href=\"https:\/\/calendly.com\/ffl-1\/more-info-about-seedworks\" target=\"_blank\" title=\"R\u00e9server un appel\" class=\"tt_button tt_secondary_button btn_primary_color button-action-link\">R\u00e9server un appel<\/a><\/div><\/div><div class=\"side-featured-wrapper\" >\r\n      <div class=\"featured-image\"><img loading=\"lazy\" decoding=\"async\" width=\"1920\" height=\"1440\" src=\"https:\/\/seedworks.ch\/wp-content\/uploads\/2023\/05\/IMG_8407.jpg\" class=\"attachment-full\" alt=\"\" title=\"IMG_8407\" srcset=\"https:\/\/seedworks.ch\/wp-content\/uploads\/2023\/05\/IMG_8407.jpg 1920w, https:\/\/seedworks.ch\/wp-content\/uploads\/2023\/05\/IMG_8407-300x225.jpg 300w, https:\/\/seedworks.ch\/wp-content\/uploads\/2023\/05\/IMG_8407-1024x768.jpg 1024w, https:\/\/seedworks.ch\/wp-content\/uploads\/2023\/05\/IMG_8407-768x576.jpg 768w, https:\/\/seedworks.ch\/wp-content\/uploads\/2023\/05\/IMG_8407-1536x1152.jpg 1536w\" sizes=\"auto, (max-width: 1920px) 100vw, 1920px\" \/><\/div>\r\n    <\/div><\/div>\r\n            <\/section><section id=\"kd-fss-69d205005218d\" class=\"featured-right \">\r\n              <li class=\"nav-label\"><a class=\"feature-tabs-scroll\" href=\"#kd-fss-69d205005218d\">WiFi ultra-rapide<\/a><\/li>\r\n              <div class=\"container\">\r\n                <div class=\"side-content-wrapper \" ><i class=\"fa iconsmind-Wifi\" style=\" \"><\/i> <h3 class=\"side-content-title\" >WiFi ultra-rapide<\/h3><h6 class=\"side-content-subtitle\" >Am\u00e9liorez votre flux de travail dans notre bureau priv\u00e9 \u00e9quip\u00e9 du WiFi ultra-rapide Ubiquity. Gr\u00e2ce \u00e0 une surveillance active de la vitesse, nous garantissons une connectivit\u00e9 ininterrompue pour des op\u00e9rations sans faille. D\u00e9couvrez l&apos;avenir de la mise en r\u00e9seau pour une productivit\u00e9 in\u00e9gal\u00e9e.<\/h6><div class=\"side-content-link sc-primary-btn\"><a href=\"https:\/\/calendly.com\/ffl-1\/more-info-about-seedworks\" target=\"_self\" title=\"En savoir plus\" class=\"tt_button tt_primary_button btn_primary_color button-action-link\">En savoir plus<\/a><\/div><\/div><div class=\"side-featured-wrapper\" >\r\n      <div class=\"featured-image\"><img loading=\"lazy\" decoding=\"async\" width=\"1920\" height=\"1056\" src=\"https:\/\/seedworks.ch\/wp-content\/uploads\/2023\/05\/Monitoring.jpg\" class=\"attachment-full\" alt=\"\" title=\"Monitoring\" srcset=\"https:\/\/seedworks.ch\/wp-content\/uploads\/2023\/05\/Monitoring.jpg 1920w, https:\/\/seedworks.ch\/wp-content\/uploads\/2023\/05\/Monitoring-300x165.jpg 300w, https:\/\/seedworks.ch\/wp-content\/uploads\/2023\/05\/Monitoring-1024x563.jpg 1024w, https:\/\/seedworks.ch\/wp-content\/uploads\/2023\/05\/Monitoring-768x422.jpg 768w, https:\/\/seedworks.ch\/wp-content\/uploads\/2023\/05\/Monitoring-1536x845.jpg 1536w\" sizes=\"auto, (max-width: 1920px) 100vw, 1920px\" \/><\/div>\r\n    <\/div><\/div>\r\n            <\/section><section id=\"kd-fss-69d2050052bfc\" class=\"featured-left \">\r\n              <li class=\"nav-label\"><a class=\"feature-tabs-scroll\" href=\"#kd-fss-69d2050052bfc\">Salles de r\u00e9union<\/a><\/li>\r\n              <div class=\"container\">\r\n                <div class=\"side-content-wrapper \" ><i class=\"fa iconsmind-Affiliate\" style=\" \"><\/i> <h3 class=\"side-content-title\" >Salles de r\u00e9union<\/h3><h6 class=\"side-content-subtitle\" >En tant que membre de Seedworks, vous b\u00e9n\u00e9ficiez d&apos;un acc\u00e8s privil\u00e9gi\u00e9 aux salles de r\u00e9union. B\u00e9n\u00e9ficiez d&apos;heures gratuites et de tarifs pr\u00e9f\u00e9rentiels. Nos espaces bien con\u00e7us favorisent la collaboration et l&apos;innovation.<\/h6><div class=\"side-content-text\" ><\/p>\n<ul>\n<li>Grande salle de r\u00e9union 6-8 personnes<\/li>\n<li>Salle de projet 4-6 personnes<\/li>\n<li>Salle de presse 2 personnes<\/li>\n<\/ul>\n<p>\n<\/div><\/div><script type=\"text\/javascript\">\r\n      jQuery(document).ready(function($){\r\n        if ($(\".kd-featured-gallery-69d20500551c3 .featured-gallery\").length) {\r\n          $(\".kd-featured-gallery-69d20500551c3 .featured-gallery\").owlCarousel({\r\n            stageClass: \"owl-wrapper\",\r\n            stageOuterClass: \"owl-wrapper-outer\",\r\n            loadedClass: \"owl-carousel\",\r\n            items: 1,\r\n            rewind: true,dots: true,\r\n              nav: false,\r\n              dotsSpeed: 500,loop: true,autoplay: true,autoplayTimeout: 3000,\r\n            addClassActive: true,\r\n          });\r\n        }\r\n      });\r\n    <\/script><div class=\"side-featured-wrapper kd-featured-gallery-69d20500551c3\" >\r\n      <div class=\"featured-gallery\"><img loading=\"lazy\" decoding=\"async\" width=\"1920\" height=\"1440\" src=\"https:\/\/seedworks.ch\/wp-content\/uploads\/2023\/05\/IMG_8444.jpg\" class=\"ffs-gallery-img attachment-full\" alt=\"\" title=\"IMG_8444\" srcset=\"https:\/\/seedworks.ch\/wp-content\/uploads\/2023\/05\/IMG_8444.jpg 1920w, https:\/\/seedworks.ch\/wp-content\/uploads\/2023\/05\/IMG_8444-300x225.jpg 300w, https:\/\/seedworks.ch\/wp-content\/uploads\/2023\/05\/IMG_8444-1024x768.jpg 1024w, https:\/\/seedworks.ch\/wp-content\/uploads\/2023\/05\/IMG_8444-768x576.jpg 768w, https:\/\/seedworks.ch\/wp-content\/uploads\/2023\/05\/IMG_8444-1536x1152.jpg 1536w\" sizes=\"auto, (max-width: 1920px) 100vw, 1920px\" \/><img loading=\"lazy\" decoding=\"async\" width=\"1920\" height=\"1440\" src=\"https:\/\/seedworks.ch\/wp-content\/uploads\/2023\/05\/IMG_8443.jpg\" class=\"ffs-gallery-img attachment-full\" alt=\"\" title=\"IMG_8443\" srcset=\"https:\/\/seedworks.ch\/wp-content\/uploads\/2023\/05\/IMG_8443.jpg 1920w, https:\/\/seedworks.ch\/wp-content\/uploads\/2023\/05\/IMG_8443-300x225.jpg 300w, https:\/\/seedworks.ch\/wp-content\/uploads\/2023\/05\/IMG_8443-1024x768.jpg 1024w, https:\/\/seedworks.ch\/wp-content\/uploads\/2023\/05\/IMG_8443-768x576.jpg 768w, https:\/\/seedworks.ch\/wp-content\/uploads\/2023\/05\/IMG_8443-1536x1152.jpg 1536w\" sizes=\"auto, (max-width: 1920px) 100vw, 1920px\" \/><img loading=\"lazy\" decoding=\"async\" width=\"2560\" height=\"1920\" src=\"https:\/\/seedworks.ch\/wp-content\/uploads\/2022\/12\/IMG_5587-scaled.jpg\" class=\"ffs-gallery-img attachment-full\" alt=\"\" title=\"IMG_5587\" srcset=\"https:\/\/seedworks.ch\/wp-content\/uploads\/2022\/12\/IMG_5587-scaled.jpg 2560w, https:\/\/seedworks.ch\/wp-content\/uploads\/2022\/12\/IMG_5587-300x225.jpg 300w, https:\/\/seedworks.ch\/wp-content\/uploads\/2022\/12\/IMG_5587-1024x768.jpg 1024w, https:\/\/seedworks.ch\/wp-content\/uploads\/2022\/12\/IMG_5587-768x576.jpg 768w, https:\/\/seedworks.ch\/wp-content\/uploads\/2022\/12\/IMG_5587-1536x1152.jpg 1536w, https:\/\/seedworks.ch\/wp-content\/uploads\/2022\/12\/IMG_5587-2048x1536.jpg 2048w\" sizes=\"auto, (max-width: 2560px) 100vw, 2560px\" \/><img loading=\"lazy\" decoding=\"async\" width=\"2560\" height=\"1920\" src=\"https:\/\/seedworks.ch\/wp-content\/uploads\/2023\/05\/IMG_6167-scaled.jpg\" class=\"ffs-gallery-img attachment-full\" alt=\"\" title=\"IMG_6167\" srcset=\"https:\/\/seedworks.ch\/wp-content\/uploads\/2023\/05\/IMG_6167-scaled.jpg 2560w, https:\/\/seedworks.ch\/wp-content\/uploads\/2023\/05\/IMG_6167-300x225.jpg 300w, https:\/\/seedworks.ch\/wp-content\/uploads\/2023\/05\/IMG_6167-1024x768.jpg 1024w, https:\/\/seedworks.ch\/wp-content\/uploads\/2023\/05\/IMG_6167-768x576.jpg 768w, https:\/\/seedworks.ch\/wp-content\/uploads\/2023\/05\/IMG_6167-1536x1152.jpg 1536w, https:\/\/seedworks.ch\/wp-content\/uploads\/2023\/05\/IMG_6167-2048x1536.jpg 2048w\" sizes=\"auto, (max-width: 2560px) 100vw, 2560px\" \/><\/div>\r\n    <\/div><\/div>\r\n            <\/section><section id=\"kd-fss-69d205005529a\" class=\"featured-right \">\r\n              <li class=\"nav-label\"><a class=\"feature-tabs-scroll\" href=\"#kd-fss-69d205005529a\">Zone de d\u00e9tente<\/a><\/li>\r\n              <div class=\"container\">\r\n                <div class=\"side-content-wrapper \" ><i class=\"fa iconsmind-Coffee\" style=\" \"><\/i> <h3 class=\"side-content-title\" >Zone de d\u00e9tente<\/h3><h6 class=\"side-content-subtitle\" >Plongez dans notre communaut\u00e9 de coworking, avec un espace de d\u00e9tente. Les membres peuvent s&apos;y d\u00e9tendre, s&apos;y ressourcer ou y nouer des contacts en toute d\u00e9contraction. Conciliez travail et loisirs dans cet espace polyvalent con\u00e7u pour votre confort.<\/h6><div class=\"side-content-text\" ><\/p>\n<ul>\n<li>Caf\u00e9 gratuit<\/li>\n<li>Canap\u00e9 confortable<\/li>\n<\/ul>\n<p>\n<\/div><\/div><script type=\"text\/javascript\">\r\n      jQuery(document).ready(function($){\r\n        if ($(\".kd-featured-gallery-69d2050055bae .featured-gallery\").length) {\r\n          $(\".kd-featured-gallery-69d2050055bae .featured-gallery\").owlCarousel({\r\n            stageClass: \"owl-wrapper\",\r\n            stageOuterClass: \"owl-wrapper-outer\",\r\n            loadedClass: \"owl-carousel\",\r\n            items: 1,\r\n            rewind: true,dots: true,\r\n              nav: false,\r\n              dotsSpeed: 500,\r\n            addClassActive: true,\r\n          });\r\n        }\r\n      });\r\n    <\/script><div class=\"side-featured-wrapper kd-featured-gallery-69d2050055bae\" >\r\n      <div class=\"featured-gallery\"><img loading=\"lazy\" decoding=\"async\" width=\"1920\" height=\"1440\" src=\"https:\/\/seedworks.ch\/wp-content\/uploads\/2023\/05\/IMG_8415.jpg\" class=\"ffs-gallery-img attachment-full\" alt=\"\" title=\"IMG_8415\" srcset=\"https:\/\/seedworks.ch\/wp-content\/uploads\/2023\/05\/IMG_8415.jpg 1920w, https:\/\/seedworks.ch\/wp-content\/uploads\/2023\/05\/IMG_8415-300x225.jpg 300w, https:\/\/seedworks.ch\/wp-content\/uploads\/2023\/05\/IMG_8415-1024x768.jpg 1024w, https:\/\/seedworks.ch\/wp-content\/uploads\/2023\/05\/IMG_8415-768x576.jpg 768w, https:\/\/seedworks.ch\/wp-content\/uploads\/2023\/05\/IMG_8415-1536x1152.jpg 1536w\" sizes=\"auto, (max-width: 1920px) 100vw, 1920px\" \/><\/div>\r\n    <\/div><\/div>\r\n            <\/section><section id=\"kd-fss-69d2050055c3d\" class=\"featured-left \">\r\n              <li class=\"nav-label\"><a class=\"feature-tabs-scroll\" href=\"#kd-fss-69d2050055c3d\">Localisation<\/a><\/li>\r\n              <div class=\"container\">\r\n                <div class=\"side-content-wrapper \" ><i class=\"fa iconsmind-Location-2\" style=\" \"><\/i> <h3 class=\"side-content-title\" >Localisation<\/h3><h6 class=\"side-content-subtitle\" >Situ\u00e9 dans le vibrant Quartier des Bains de Gen\u00e8ve, notre espace de coworking est entour\u00e9 d&apos;une gamme vari\u00e9e de restaurants. Impr\u00e9gnez-vous de la sc\u00e8ne culinaire de la ville \u00e0 la porte de votre bureau. Travailler, d\u00eener et prosp\u00e9rer dans cet emplacement de choix.<\/h6><div class=\"side-content-text\" ><\/p>\n<ul>\n<li>Restaurants<\/li>\n<li>Parc public<\/li>\n<li>Mus\u00e9e ethnographique (MEG)<\/li>\n<li>Mus\u00e9e d&#8217;art moderne (MAMCO)<\/li>\n<li>Galeries d&#8217;art<\/li>\n<li>Radio &amp; T\u00e9l\u00e9vision Suisse<\/li>\n<li>Si\u00e8ge social de Rolex<\/li>\n<\/ul>\n<p>\n<\/div><\/div><div class=\"side-featured-wrapper\" >\r\n      <div class=\"featured-image\"><img loading=\"lazy\" decoding=\"async\" width=\"1920\" height=\"1279\" src=\"https:\/\/seedworks.ch\/wp-content\/uploads\/2023\/05\/Quartier_des_bains.jpg\" class=\"attachment-full\" alt=\"\" title=\"Quartier_des_bains\" srcset=\"https:\/\/seedworks.ch\/wp-content\/uploads\/2023\/05\/Quartier_des_bains.jpg 1920w, https:\/\/seedworks.ch\/wp-content\/uploads\/2023\/05\/Quartier_des_bains-300x200.jpg 300w, https:\/\/seedworks.ch\/wp-content\/uploads\/2023\/05\/Quartier_des_bains-1024x682.jpg 1024w, https:\/\/seedworks.ch\/wp-content\/uploads\/2023\/05\/Quartier_des_bains-768x512.jpg 768w, https:\/\/seedworks.ch\/wp-content\/uploads\/2023\/05\/Quartier_des_bains-1536x1023.jpg 1536w\" sizes=\"auto, (max-width: 1920px) 100vw, 1920px\" \/><\/div>\r\n    <\/div><\/div>\r\n            <\/section><section id=\"kd-fss-69d2050056733\" class=\"featured-right \">\r\n              <li class=\"nav-label\"><a class=\"feature-tabs-scroll\" href=\"#kd-fss-69d2050056733\">Tarif<\/a><\/li>\r\n              <div class=\"container\">\r\n                <div class=\"side-content-wrapper \" ><i class=\"fa iconsmind-Wallet-2\" style=\" \"><\/i> <h3 class=\"side-content-title\" >Tarif<\/h3><h6 class=\"side-content-subtitle\" >D\u00e9couvrez un espace de travail haut de gamme \u00e0 un prix imbattable. Notre bureau priv\u00e9, dot\u00e9 d&apos;\u00e9quipements haut de gamme, est disponible pour seulement &lt;b&gt;2100 CHF\/mois&lt;\/b&gt;. D\u00e9bloquez la productivit\u00e9, le confort et la communaut\u00e9 \u00e0 un co\u00fbt qui valorise r\u00e9ellement votre entreprise.<\/h6><div class=\"side-content-text\" ><\/p>\n<ul>\n<li>Espace de bureau d\u00e9di\u00e9<\/li>\n<li>Salle de r\u00e9union \u00e0 acc\u00e8s \u00e9tendu<\/li>\n<li>Acc\u00e8s 24\/7<\/li>\n<li>Caf\u00e9 et eau<\/li>\n<li>R\u00e9seau sans fil ultrarapide<\/li>\n<li>Cuisine commune<\/li>\n<li>Nettoyage<\/li>\n<\/ul>\n<p>\n<\/div><\/div><div class=\"side-featured-wrapper\" >\r\n      <div class=\"featured-image\"><img loading=\"lazy\" decoding=\"async\" width=\"1920\" height=\"1440\" src=\"https:\/\/seedworks.ch\/wp-content\/uploads\/2023\/05\/IMG_8408.jpg\" class=\"attachment-full\" alt=\"\" title=\"IMG_8408\" srcset=\"https:\/\/seedworks.ch\/wp-content\/uploads\/2023\/05\/IMG_8408.jpg 1920w, https:\/\/seedworks.ch\/wp-content\/uploads\/2023\/05\/IMG_8408-300x225.jpg 300w, https:\/\/seedworks.ch\/wp-content\/uploads\/2023\/05\/IMG_8408-1024x768.jpg 1024w, https:\/\/seedworks.ch\/wp-content\/uploads\/2023\/05\/IMG_8408-768x576.jpg 768w, https:\/\/seedworks.ch\/wp-content\/uploads\/2023\/05\/IMG_8408-1536x1152.jpg 1536w\" sizes=\"auto, (max-width: 1920px) 100vw, 1920px\" \/><\/div>\r\n    <\/div><\/div>\r\n            <\/section>\r\n            <\/div>[\/vc_column][\/vc_row]<\/p>\n<\/section>","protected":false},"excerpt":{"rendered":"<p>[vc_row css=&#8221;.vc_custom_1516637870335{margin-bottom: 50px !important;}&#8221;][vc_column][\/vc_column][\/vc_row]<\/p>\n","protected":false},"author":1,"featured_media":0,"parent":0,"menu_order":0,"comment_status":"closed","ping_status":"closed","template":"","meta":{"footnotes":""},"class_list":["post-7209","page","type-page","status-publish","hentry"],"_links":{"self":[{"href":"https:\/\/seedworks.ch\/fr\/wp-json\/wp\/v2\/pages\/7209","targetHints":{"allow":["GET"]}}],"collection":[{"href":"https:\/\/seedworks.ch\/fr\/wp-json\/wp\/v2\/pages"}],"about":[{"href":"https:\/\/seedworks.ch\/fr\/wp-json\/wp\/v2\/types\/page"}],"author":[{"embeddable":true,"href":"https:\/\/seedworks.ch\/fr\/wp-json\/wp\/v2\/users\/1"}],"replies":[{"embeddable":true,"href":"https:\/\/seedworks.ch\/fr\/wp-json\/wp\/v2\/comments?post=7209"}],"version-history":[{"count":10,"href":"https:\/\/seedworks.ch\/fr\/wp-json\/wp\/v2\/pages\/7209\/revisions"}],"predecessor-version":[{"id":7306,"href":"https:\/\/seedworks.ch\/fr\/wp-json\/wp\/v2\/pages\/7209\/revisions\/7306"}],"wp:attachment":[{"href":"https:\/\/seedworks.ch\/fr\/wp-json\/wp\/v2\/media?parent=7209"}],"curies":[{"name":"wp","href":"https:\/\/api.w.org\/{rel}","templated":true}]}}